{"id":10574,"date":"2024-04-25T01:23:00","date_gmt":"2024-04-24T23:23:00","guid":{"rendered":"http:\/\/welubricate.fuchs.com\/portal-ekspercki-o-olejach-i-smarach\/"},"modified":"2025-02-19T12:22:39","modified_gmt":"2025-02-19T11:22:39","slug":"portal-ekspercki-o-olejach-i-smarach","status":"publish","type":"page","link":"https:\/\/welubricate.fuchs.com\/hu\/","title":{"rendered":"Oil and lubricants expert portal"},"content":{"rendered":"","protected":false},"excerpt":{"rendered":"","protected":false},"author":1,"featured_media":0,"parent":0,"menu_order":0,"comment_status":"closed","ping_status":"closed","template":"front-page.php","meta":{"_acf_changed":false,"footnotes":""},"class_list":["post-10574","page","type-page","status-publish","hentry"],"acf":[],"yoast_head":"<!-- This site is optimized with the Yoast SEO plugin v27.5 - https:\/\/yoast.com\/product\/yoast-seo-wordpress\/ -->\n<title>Oil and lubricants expert portal - welubricate.fuchs.com\/hu<\/title>\n<meta name=\"robots\" content=\"index, follow, max-snippet:-1, max-image-preview:large, max-video-preview:-1\" \/>\n<link rel=\"canonical\" href=\"https:\/\/welubricate.fuchs.com\/hu\/\" \/>\n<meta property=\"og:locale\" content=\"hu_HU\" \/>\n<meta property=\"og:type\" content=\"article\" \/>\n<meta property=\"og:title\" content=\"Oil and lubricants expert portal - welubricate.fuchs.com\/hu\" \/>\n<meta property=\"og:url\" content=\"https:\/\/welubricate.fuchs.com\/hu\/\" \/>\n<meta property=\"og:site_name\" content=\"welubricate.fuchs.com\/hu\" \/>\n<meta property=\"article:modified_time\" content=\"2025-02-19T11:22:39+00:00\" \/>\n<meta name=\"twitter:card\" content=\"summary_large_image\" \/>\n<meta name=\"twitter:label1\" content=\"Becs\u00fclt olvas\u00e1si id\u0151\" \/>\n\t<meta name=\"twitter:data1\" content=\"1 perc\" \/>\n<script type=\"application\/ld+json\" class=\"yoast-schema-graph\">{\"@context\":\"https:\\\/\\\/schema.org\",\"@graph\":[{\"@type\":\"WebPage\",\"@id\":\"https:\\\/\\\/welubricate.fuchs.com\\\/hu\\\/\",\"url\":\"https:\\\/\\\/welubricate.fuchs.com\\\/hu\\\/\",\"name\":\"Oil and lubricants expert portal - welubricate.fuchs.com\\\/hu\",\"isPartOf\":{\"@id\":\"https:\\\/\\\/welubricate.fuchs.com\\\/hu\\\/#website\"},\"datePublished\":\"2024-04-24T23:23:00+00:00\",\"dateModified\":\"2025-02-19T11:22:39+00:00\",\"inLanguage\":\"hu\",\"potentialAction\":[{\"@type\":\"ReadAction\",\"target\":[\"https:\\\/\\\/welubricate.fuchs.com\\\/hu\\\/\"]}]},{\"@type\":\"WebSite\",\"@id\":\"https:\\\/\\\/welubricate.fuchs.com\\\/hu\\\/#website\",\"url\":\"https:\\\/\\\/welubricate.fuchs.com\\\/hu\\\/\",\"name\":\"welubricate.fuchs.com\\\/hu\",\"description\":\"Ken\u0151anyagok szak\u00e9rt\u0151i port\u00e1l\",\"potentialAction\":[{\"@type\":\"SearchAction\",\"target\":{\"@type\":\"EntryPoint\",\"urlTemplate\":\"https:\\\/\\\/welubricate.fuchs.com\\\/hu\\\/?s={search_term_string}\"},\"query-input\":{\"@type\":\"PropertyValueSpecification\",\"valueRequired\":true,\"valueName\":\"search_term_string\"}}],\"inLanguage\":\"hu\"}]}<\/script>\n<!-- \/ Yoast SEO plugin. -->","yoast_head_json":{"title":"Oil and lubricants expert portal - welubricate.fuchs.com\/hu","robots":{"index":"index","follow":"follow","max-snippet":"max-snippet:-1","max-image-preview":"max-image-preview:large","max-video-preview":"max-video-preview:-1"},"canonical":"https:\/\/welubricate.fuchs.com\/hu\/","og_locale":"hu_HU","og_type":"article","og_title":"Oil and lubricants expert portal - welubricate.fuchs.com\/hu","og_url":"https:\/\/welubricate.fuchs.com\/hu\/","og_site_name":"welubricate.fuchs.com\/hu","article_modified_time":"2025-02-19T11:22:39+00:00","twitter_card":"summary_large_image","twitter_misc":{"Becs\u00fclt olvas\u00e1si id\u0151":"1 perc"},"schema":{"@context":"https:\/\/schema.org","@graph":[{"@type":"WebPage","@id":"https:\/\/welubricate.fuchs.com\/hu\/","url":"https:\/\/welubricate.fuchs.com\/hu\/","name":"Oil and lubricants expert portal - welubricate.fuchs.com\/hu","isPartOf":{"@id":"https:\/\/welubricate.fuchs.com\/hu\/#website"},"datePublished":"2024-04-24T23:23:00+00:00","dateModified":"2025-02-19T11:22:39+00:00","inLanguage":"hu","potentialAction":[{"@type":"ReadAction","target":["https:\/\/welubricate.fuchs.com\/hu\/"]}]},{"@type":"WebSite","@id":"https:\/\/welubricate.fuchs.com\/hu\/#website","url":"https:\/\/welubricate.fuchs.com\/hu\/","name":"welubricate.fuchs.com\/hu","description":"Ken\u0151anyagok szak\u00e9rt\u0151i port\u00e1l","potentialAction":[{"@type":"SearchAction","target":{"@type":"EntryPoint","urlTemplate":"https:\/\/welubricate.fuchs.com\/hu\/?s={search_term_string}"},"query-input":{"@type":"PropertyValueSpecification","valueRequired":true,"valueName":"search_term_string"}}],"inLanguage":"hu"}]}},"_links":{"self":[{"href":"https:\/\/welubricate.fuchs.com\/hu\/wp-json\/wp\/v2\/pages\/10574","targetHints":{"allow":["GET"]}}],"collection":[{"href":"https:\/\/welubricate.fuchs.com\/hu\/wp-json\/wp\/v2\/pages"}],"about":[{"href":"https:\/\/welubricate.fuchs.com\/hu\/wp-json\/wp\/v2\/types\/page"}],"author":[{"embeddable":true,"href":"https:\/\/welubricate.fuchs.com\/hu\/wp-json\/wp\/v2\/users\/1"}],"replies":[{"embeddable":true,"href":"https:\/\/welubricate.fuchs.com\/hu\/wp-json\/wp\/v2\/comments?post=10574"}],"version-history":[{"count":4,"href":"https:\/\/welubricate.fuchs.com\/hu\/wp-json\/wp\/v2\/pages\/10574\/revisions"}],"predecessor-version":[{"id":11140,"href":"https:\/\/welubricate.fuchs.com\/hu\/wp-json\/wp\/v2\/pages\/10574\/revisions\/11140"}],"wp:attachment":[{"href":"https:\/\/welubricate.fuchs.com\/hu\/wp-json\/wp\/v2\/media?parent=10574"}],"curies":[{"name":"wp","href":"https:\/\/api.w.org\/{rel}","templated":true}]}}