{"id":10431,"date":"2024-04-25T00:54:11","date_gmt":"2024-04-24T22:54:11","guid":{"rendered":"http:\/\/welubricate.fuchs.com\/o-portalu\/"},"modified":"2024-04-25T00:54:11","modified_gmt":"2024-04-24T22:54:11","slug":"o-portalu","status":"publish","type":"page","link":"https:\/\/welubricate.fuchs.com\/hu\/o-portalu\/","title":{"rendered":"O portalu"},"content":{"rendered":"","protected":false},"excerpt":{"rendered":"","protected":false},"author":1,"featured_media":7950,"parent":0,"menu_order":0,"comment_status":"closed","ping_status":"closed","template":"","meta":{"_acf_changed":false,"footnotes":""},"class_list":["post-10431","page","type-page","status-publish","has-post-thumbnail","hentry"],"acf":[],"yoast_head":"<!-- This site is optimized with the Yoast SEO plugin v27.6 - https:\/\/yoast.com\/product\/yoast-seo-wordpress\/ -->\n<title>O portalu - welubricate.fuchs.com\/hu<\/title>\n<meta name=\"robots\" content=\"index, follow, max-snippet:-1, max-image-preview:large, max-video-preview:-1\" \/>\n<link rel=\"canonical\" href=\"https:\/\/welubricate.fuchs.com\/hu\/o-portalu\/\" \/>\n<meta property=\"og:locale\" content=\"hu_HU\" \/>\n<meta property=\"og:type\" content=\"article\" \/>\n<meta property=\"og:title\" content=\"O portalu - welubricate.fuchs.com\/hu\" \/>\n<meta property=\"og:url\" content=\"https:\/\/welubricate.fuchs.com\/hu\/o-portalu\/\" \/>\n<meta property=\"og:site_name\" content=\"welubricate.fuchs.com\/hu\" \/>\n<meta property=\"og:image\" content=\"https:\/\/welubricate.fuchs.com\/wp-content\/uploads\/2024\/05\/o-portalu.jpg\" \/>\n\t<meta property=\"og:image:width\" content=\"1300\" \/>\n\t<meta property=\"og:image:height\" content=\"427\" \/>\n\t<meta property=\"og:image:type\" content=\"image\/jpeg\" \/>\n<meta name=\"twitter:card\" content=\"summary_large_image\" \/>\n<meta name=\"twitter:label1\" content=\"Becs\u00fclt olvas\u00e1si id\u0151\" \/>\n\t<meta name=\"twitter:data1\" content=\"5 perc\" \/>\n<script type=\"application\/ld+json\" class=\"yoast-schema-graph\">{\"@context\":\"https:\\\/\\\/schema.org\",\"@graph\":[{\"@type\":\"WebPage\",\"@id\":\"https:\\\/\\\/welubricate.fuchs.com\\\/hu\\\/o-portalu\\\/\",\"url\":\"https:\\\/\\\/welubricate.fuchs.com\\\/hu\\\/o-portalu\\\/\",\"name\":\"O portalu - welubricate.fuchs.com\\\/hu\",\"isPartOf\":{\"@id\":\"https:\\\/\\\/welubricate.fuchs.com\\\/hu\\\/#website\"},\"primaryImageOfPage\":{\"@id\":\"https:\\\/\\\/welubricate.fuchs.com\\\/hu\\\/o-portalu\\\/#primaryimage\"},\"image\":{\"@id\":\"https:\\\/\\\/welubricate.fuchs.com\\\/hu\\\/o-portalu\\\/#primaryimage\"},\"thumbnailUrl\":\"https:\\\/\\\/welubricate.fuchs.com\\\/wp-content\\\/uploads\\\/2024\\\/05\\\/o-portalu.jpg\",\"datePublished\":\"2024-04-24T22:54:11+00:00\",\"inLanguage\":\"hu\",\"potentialAction\":[{\"@type\":\"ReadAction\",\"target\":[\"https:\\\/\\\/welubricate.fuchs.com\\\/hu\\\/o-portalu\\\/\"]}]},{\"@type\":\"ImageObject\",\"inLanguage\":\"hu\",\"@id\":\"https:\\\/\\\/welubricate.fuchs.com\\\/hu\\\/o-portalu\\\/#primaryimage\",\"url\":\"https:\\\/\\\/welubricate.fuchs.com\\\/wp-content\\\/uploads\\\/2024\\\/05\\\/o-portalu.jpg\",\"contentUrl\":\"https:\\\/\\\/welubricate.fuchs.com\\\/wp-content\\\/uploads\\\/2024\\\/05\\\/o-portalu.jpg\",\"width\":1300,\"height\":427},{\"@type\":\"WebSite\",\"@id\":\"https:\\\/\\\/welubricate.fuchs.com\\\/hu\\\/#website\",\"url\":\"https:\\\/\\\/welubricate.fuchs.com\\\/hu\\\/\",\"name\":\"welubricate.fuchs.com\\\/hu\",\"description\":\"Ken\u0151anyagok szak\u00e9rt\u0151i port\u00e1l\",\"potentialAction\":[{\"@type\":\"SearchAction\",\"target\":{\"@type\":\"EntryPoint\",\"urlTemplate\":\"https:\\\/\\\/welubricate.fuchs.com\\\/hu\\\/?s={search_term_string}\"},\"query-input\":{\"@type\":\"PropertyValueSpecification\",\"valueRequired\":true,\"valueName\":\"search_term_string\"}}],\"inLanguage\":\"hu\"}]}<\/script>\n<!-- \/ Yoast SEO plugin. -->","yoast_head_json":{"title":"O portalu - welubricate.fuchs.com\/hu","robots":{"index":"index","follow":"follow","max-snippet":"max-snippet:-1","max-image-preview":"max-image-preview:large","max-video-preview":"max-video-preview:-1"},"canonical":"https:\/\/welubricate.fuchs.com\/hu\/o-portalu\/","og_locale":"hu_HU","og_type":"article","og_title":"O portalu - welubricate.fuchs.com\/hu","og_url":"https:\/\/welubricate.fuchs.com\/hu\/o-portalu\/","og_site_name":"welubricate.fuchs.com\/hu","og_image":[{"width":1300,"height":427,"url":"https:\/\/welubricate.fuchs.com\/wp-content\/uploads\/2024\/05\/o-portalu.jpg","type":"image\/jpeg"}],"twitter_card":"summary_large_image","twitter_misc":{"Becs\u00fclt olvas\u00e1si id\u0151":"5 perc"},"schema":{"@context":"https:\/\/schema.org","@graph":[{"@type":"WebPage","@id":"https:\/\/welubricate.fuchs.com\/hu\/o-portalu\/","url":"https:\/\/welubricate.fuchs.com\/hu\/o-portalu\/","name":"O portalu - welubricate.fuchs.com\/hu","isPartOf":{"@id":"https:\/\/welubricate.fuchs.com\/hu\/#website"},"primaryImageOfPage":{"@id":"https:\/\/welubricate.fuchs.com\/hu\/o-portalu\/#primaryimage"},"image":{"@id":"https:\/\/welubricate.fuchs.com\/hu\/o-portalu\/#primaryimage"},"thumbnailUrl":"https:\/\/welubricate.fuchs.com\/wp-content\/uploads\/2024\/05\/o-portalu.jpg","datePublished":"2024-04-24T22:54:11+00:00","inLanguage":"hu","potentialAction":[{"@type":"ReadAction","target":["https:\/\/welubricate.fuchs.com\/hu\/o-portalu\/"]}]},{"@type":"ImageObject","inLanguage":"hu","@id":"https:\/\/welubricate.fuchs.com\/hu\/o-portalu\/#primaryimage","url":"https:\/\/welubricate.fuchs.com\/wp-content\/uploads\/2024\/05\/o-portalu.jpg","contentUrl":"https:\/\/welubricate.fuchs.com\/wp-content\/uploads\/2024\/05\/o-portalu.jpg","width":1300,"height":427},{"@type":"WebSite","@id":"https:\/\/welubricate.fuchs.com\/hu\/#website","url":"https:\/\/welubricate.fuchs.com\/hu\/","name":"welubricate.fuchs.com\/hu","description":"Ken\u0151anyagok szak\u00e9rt\u0151i port\u00e1l","potentialAction":[{"@type":"SearchAction","target":{"@type":"EntryPoint","urlTemplate":"https:\/\/welubricate.fuchs.com\/hu\/?s={search_term_string}"},"query-input":{"@type":"PropertyValueSpecification","valueRequired":true,"valueName":"search_term_string"}}],"inLanguage":"hu"}]}},"_links":{"self":[{"href":"https:\/\/welubricate.fuchs.com\/hu\/wp-json\/wp\/v2\/pages\/10431","targetHints":{"allow":["GET"]}}],"collection":[{"href":"https:\/\/welubricate.fuchs.com\/hu\/wp-json\/wp\/v2\/pages"}],"about":[{"href":"https:\/\/welubricate.fuchs.com\/hu\/wp-json\/wp\/v2\/types\/page"}],"author":[{"embeddable":true,"href":"https:\/\/welubricate.fuchs.com\/hu\/wp-json\/wp\/v2\/users\/1"}],"replies":[{"embeddable":true,"href":"https:\/\/welubricate.fuchs.com\/hu\/wp-json\/wp\/v2\/comments?post=10431"}],"version-history":[{"count":0,"href":"https:\/\/welubricate.fuchs.com\/hu\/wp-json\/wp\/v2\/pages\/10431\/revisions"}],"wp:featuredmedia":[{"embeddable":true,"href":"https:\/\/welubricate.fuchs.com\/hu\/wp-json\/wp\/v2\/media\/7950"}],"wp:attachment":[{"href":"https:\/\/welubricate.fuchs.com\/hu\/wp-json\/wp\/v2\/media?parent=10431"}],"curies":[{"name":"wp","href":"https:\/\/api.w.org\/{rel}","templated":true}]}}